{"id":11244,"date":"2015-06-16T14:38:19","date_gmt":"2015-06-16T12:38:19","guid":{"rendered":"http:\/\/localhost\/e-guasch.com\/?page_id=11244"},"modified":"2026-01-09T15:07:35","modified_gmt":"2026-01-09T14:07:35","slug":"home-esp","status":"publish","type":"page","link":"https:\/\/www.e-guasch.com\/es\/","title":{"rendered":"Home ESP"},"content":{"rendered":"","protected":false},"excerpt":{"rendered":"","protected":false},"author":2,"featured_media":0,"parent":0,"menu_order":0,"comment_status":"closed","ping_status":"closed","template":"portfolio-three-column-text.php","meta":[],"yoast_head":"<!-- This site is optimized with the Yoast SEO plugin v19.13 - https:\/\/yoast.com\/wordpress\/plugins\/seo\/ -->\n<title>RECTIFICADORES GUASCH, S.A. | Electr\u00f3nica de potencia<\/title>\n<meta name=\"description\" content=\"Rectificadores Guasch, S.A. especialista en electr\u00f3nica de potencia. Somos fabricantes, distribuidores y dise\u00f1amos soluciones a medida. ISO9001:2015\" \/>\n<meta name=\"robots\" content=\"index, follow, max-snippet:-1, max-image-preview:large, max-video-preview:-1\" \/>\n<link rel=\"canonical\" href=\"https:\/\/www.e-guasch.com\/es\/\" \/>\n<meta property=\"og:locale\" content=\"es_ES\" \/>\n<meta property=\"og:type\" content=\"article\" \/>\n<meta property=\"og:title\" content=\"RECTIFICADORES GUASCH, S.A. | Electr\u00f3nica de potencia\" \/>\n<meta property=\"og:description\" content=\"Rectificadores Guasch, S.A. especialista en electr\u00f3nica de potencia. Somos fabricantes, distribuidores y dise\u00f1amos soluciones a medida. ISO9001:2015\" \/>\n<meta property=\"og:url\" content=\"https:\/\/www.e-guasch.com\/es\/\" \/>\n<meta property=\"og:site_name\" content=\"Rectificadores Guasch, S.A.U.\" \/>\n<meta property=\"article:modified_time\" content=\"2026-01-09T14:07:35+00:00\" \/>\n<meta name=\"twitter:card\" content=\"summary_large_image\" \/>\n<script type=\"application\/ld+json\" class=\"yoast-schema-graph\">{\"@context\":\"https:\/\/schema.org\",\"@graph\":[{\"@type\":\"WebPage\",\"@id\":\"https:\/\/www.e-guasch.com\/es\/\",\"url\":\"https:\/\/www.e-guasch.com\/es\/\",\"name\":\"RECTIFICADORES GUASCH, S.A. | Electr\u00f3nica de potencia\",\"isPartOf\":{\"@id\":\"https:\/\/www.e-guasch.com\/#website\"},\"datePublished\":\"2015-06-16T12:38:19+00:00\",\"dateModified\":\"2026-01-09T14:07:35+00:00\",\"description\":\"Rectificadores Guasch, S.A. especialista en electr\u00f3nica de potencia. Somos fabricantes, distribuidores y dise\u00f1amos soluciones a medida. ISO9001:2015\",\"breadcrumb\":{\"@id\":\"https:\/\/www.e-guasch.com\/es\/#breadcrumb\"},\"inLanguage\":\"es\",\"potentialAction\":[{\"@type\":\"ReadAction\",\"target\":[\"https:\/\/www.e-guasch.com\/es\/\"]}]},{\"@type\":\"BreadcrumbList\",\"@id\":\"https:\/\/www.e-guasch.com\/es\/#breadcrumb\",\"itemListElement\":[{\"@type\":\"ListItem\",\"position\":1,\"name\":\"Home\",\"item\":\"https:\/\/www.e-guasch.com\/es\/\"},{\"@type\":\"ListItem\",\"position\":2,\"name\":\"Home ESP\"}]},{\"@type\":\"WebSite\",\"@id\":\"https:\/\/www.e-guasch.com\/#website\",\"url\":\"https:\/\/www.e-guasch.com\/\",\"name\":\"Rectificadores Guasch, S.A.U.\",\"description\":\"Componentes y Electr\u00f3nica de Potencia\",\"potentialAction\":[{\"@type\":\"SearchAction\",\"target\":{\"@type\":\"EntryPoint\",\"urlTemplate\":\"https:\/\/www.e-guasch.com\/?s={search_term_string}\"},\"query-input\":\"required name=search_term_string\"}],\"inLanguage\":\"es\"}]}<\/script>\n<!-- \/ Yoast SEO plugin. -->","yoast_head_json":{"title":"RECTIFICADORES GUASCH, S.A. | Electr\u00f3nica de potencia","description":"Rectificadores Guasch, S.A. especialista en electr\u00f3nica de potencia. Somos fabricantes, distribuidores y dise\u00f1amos soluciones a medida. ISO9001:2015","robots":{"index":"index","follow":"follow","max-snippet":"max-snippet:-1","max-image-preview":"max-image-preview:large","max-video-preview":"max-video-preview:-1"},"canonical":"https:\/\/www.e-guasch.com\/es\/","og_locale":"es_ES","og_type":"article","og_title":"RECTIFICADORES GUASCH, S.A. | Electr\u00f3nica de potencia","og_description":"Rectificadores Guasch, S.A. especialista en electr\u00f3nica de potencia. Somos fabricantes, distribuidores y dise\u00f1amos soluciones a medida. ISO9001:2015","og_url":"https:\/\/www.e-guasch.com\/es\/","og_site_name":"Rectificadores Guasch, S.A.U.","article_modified_time":"2026-01-09T14:07:35+00:00","twitter_card":"summary_large_image","schema":{"@context":"https:\/\/schema.org","@graph":[{"@type":"WebPage","@id":"https:\/\/www.e-guasch.com\/es\/","url":"https:\/\/www.e-guasch.com\/es\/","name":"RECTIFICADORES GUASCH, S.A. | Electr\u00f3nica de potencia","isPartOf":{"@id":"https:\/\/www.e-guasch.com\/#website"},"datePublished":"2015-06-16T12:38:19+00:00","dateModified":"2026-01-09T14:07:35+00:00","description":"Rectificadores Guasch, S.A. especialista en electr\u00f3nica de potencia. Somos fabricantes, distribuidores y dise\u00f1amos soluciones a medida. ISO9001:2015","breadcrumb":{"@id":"https:\/\/www.e-guasch.com\/es\/#breadcrumb"},"inLanguage":"es","potentialAction":[{"@type":"ReadAction","target":["https:\/\/www.e-guasch.com\/es\/"]}]},{"@type":"BreadcrumbList","@id":"https:\/\/www.e-guasch.com\/es\/#breadcrumb","itemListElement":[{"@type":"ListItem","position":1,"name":"Home","item":"https:\/\/www.e-guasch.com\/es\/"},{"@type":"ListItem","position":2,"name":"Home ESP"}]},{"@type":"WebSite","@id":"https:\/\/www.e-guasch.com\/#website","url":"https:\/\/www.e-guasch.com\/","name":"Rectificadores Guasch, S.A.U.","description":"Componentes y Electr\u00f3nica de Potencia","potentialAction":[{"@type":"SearchAction","target":{"@type":"EntryPoint","urlTemplate":"https:\/\/www.e-guasch.com\/?s={search_term_string}"},"query-input":"required name=search_term_string"}],"inLanguage":"es"}]}},"_links":{"self":[{"href":"https:\/\/www.e-guasch.com\/es\/wp-json\/wp\/v2\/pages\/11244"}],"collection":[{"href":"https:\/\/www.e-guasch.com\/es\/wp-json\/wp\/v2\/pages"}],"about":[{"href":"https:\/\/www.e-guasch.com\/es\/wp-json\/wp\/v2\/types\/page"}],"author":[{"embeddable":true,"href":"https:\/\/www.e-guasch.com\/es\/wp-json\/wp\/v2\/users\/2"}],"replies":[{"embeddable":true,"href":"https:\/\/www.e-guasch.com\/es\/wp-json\/wp\/v2\/comments?post=11244"}],"version-history":[{"count":137,"href":"https:\/\/www.e-guasch.com\/es\/wp-json\/wp\/v2\/pages\/11244\/revisions"}],"predecessor-version":[{"id":20134,"href":"https:\/\/www.e-guasch.com\/es\/wp-json\/wp\/v2\/pages\/11244\/revisions\/20134"}],"wp:attachment":[{"href":"https:\/\/www.e-guasch.com\/es\/wp-json\/wp\/v2\/media?parent=11244"}],"curies":[{"name":"wp","href":"https:\/\/api.w.org\/{rel}","templated":true}]}}